{"id":13,"date":"2012-08-22T16:58:28","date_gmt":"2012-08-22T16:58:28","guid":{"rendered":"http:\/\/pawelgrzeskowiak.pl\/?page_id=13"},"modified":"2025-03-02T17:37:03","modified_gmt":"2025-03-02T17:37:03","slug":"conferences","status":"publish","type":"page","link":"https:\/\/pawelgrzeskowiak.pl\/en\/conferences\/","title":{"rendered":"Publikacje"},"content":{"rendered":"\n<p><\/p>\n\n\n\n<p><\/p>\n\n\n\n<p>Nadchodz\u0105ce:<\/p>\n\n\n\n<ul class=\"wp-block-list\">\n<li><\/li>\n<\/ul>\n\n\n\n<p>Archiwalne:<\/p>\n\n\n\n<ul class=\"wp-block-list\">\n<li>Harness the chaos as Enterprise Architecture, SAP Inside Track SITWAW, Q4, 2023<\/li>\n\n\n\n<li>Harness the chaos as Enterprise Architecture, SAP Client Week,  Q4 2022<\/li>\n\n\n\n<li>Mastering SAP ABAP, Packt Publishing, Q1 2019<\/li>\n\n\n\n<li>Introduction to SAP HANA PAL by examples, SAP Inside Track, Q2 2018<\/li>\n\n\n\n<li>Technologie Formularzowe w ekosystemie SAP, UE, Q1 2018<\/li>\n\n\n\n<li>Konferencja SAP Teched w praktyce, WSB, Q1 2018<\/li>\n\n\n\n<li>IT Trends Interview\u00a0 SAP Teched, Q4 2017<\/li>\n\n\n\n<li>SAP ABAP and Netweaver Tips&amp;Tricks, SAP Meetup Wroclaw, Q4 2017<\/li>\n\n\n\n<li>How close is AI to beat human? SAP Inside Track Conference, Q2 2017<\/li>\n\n\n\n<li>Systemy klasy ERP, Wroc\u0142aw i Programowanie ABAP w \u015brodowisku NW,\u00a0WWSIS,\u00a0 Q4 2015<\/li>\n\n\n\n<li>Systemy klasy ERP oraz programowanie ABAP w \u015brodowisku NW, WWSIS, Wroc\u0142aw 09.02.2013<\/li>\n\n\n\n<li>Algorytmy sztucznej inteligencji w grach komputerowych, Wroc\u0142aw, WWSIS, 22.04.2012<\/li>\n<\/ul>\n\n\n\n<p><\/p>\n","protected":false},"excerpt":{"rendered":"<p>Nadchodz\u0105ce: Archiwalne: Harness the chaos as Enterprise Architecture, SAP Inside Track SITWAW, Q4, 2023 Harness the chaos as Enterprise Architecture, SAP Client Week, Q4 2022 Mastering SAP ABAP, Packt Publishing, Q1 2019 Introduction to SAP HANA PAL by examples, SAP Inside Track, Q2 2018 Technologie Formularzowe w ekosystemie SAP, UE, Q1 2018 Konferencja SAP Teched [&hellip;]<\/p>\n","protected":false},"author":1,"featured_media":0,"parent":0,"menu_order":3,"comment_status":"closed","ping_status":"closed","template":"","meta":{"footnotes":""},"class_list":["post-13","page","type-page","status-publish","hentry"],"yoast_head":"<!-- This site is optimized with the Yoast SEO plugin v24.5 - https:\/\/yoast.com\/wordpress\/plugins\/seo\/ -->\n<title>Programista ABAP - ERP i Programowanie - Wyst\u0105pienia Pawe\u0142 Grze\u015bkowiak<\/title>\n<meta name=\"description\" content=\"Planowane oraz zrealizowane wyst\u0105pienia w obszarze programowania oraz system\u00f3w ERP. Wszystkie prezentacje s\u0105 bezp\u0142atne i organizowane na Wroc\u0142awskich uczelniach.\" \/>\n<meta name=\"robots\" content=\"index, follow, max-snippet:-1, max-image-preview:large, max-video-preview:-1\" \/>\n<link rel=\"canonical\" href=\"https:\/\/pawelgrzeskowiak.pl\/en\/conferences\/\" \/>\n<meta property=\"og:locale\" content=\"en_US\" \/>\n<meta property=\"og:type\" content=\"article\" \/>\n<meta property=\"og:title\" content=\"Programista ABAP - ERP i Programowanie - Wyst\u0105pienia Pawe\u0142 Grze\u015bkowiak\" \/>\n<meta property=\"og:description\" content=\"Planowane oraz zrealizowane wyst\u0105pienia w obszarze programowania oraz system\u00f3w ERP. Wszystkie prezentacje s\u0105 bezp\u0142atne i organizowane na Wroc\u0142awskich uczelniach.\" \/>\n<meta property=\"og:url\" content=\"https:\/\/pawelgrzeskowiak.pl\/en\/conferences\/\" \/>\n<meta property=\"article:modified_time\" content=\"2025-03-02T17:37:03+00:00\" \/>\n<meta name=\"twitter:label1\" content=\"Est. reading time\" \/>\n\t<meta name=\"twitter:data1\" content=\"1 minute\" \/>\n<script type=\"application\/ld+json\" class=\"yoast-schema-graph\">{\"@context\":\"https:\/\/schema.org\",\"@graph\":[{\"@type\":\"WebPage\",\"@id\":\"https:\/\/pawelgrzeskowiak.pl\/en\/en\/conferences\/\",\"url\":\"https:\/\/pawelgrzeskowiak.pl\/en\/en\/conferences\/\",\"name\":\"Programista ABAP - ERP i Programowanie - Wyst\u0105pienia Pawe\u0142 Grze\u015bkowiak\",\"isPartOf\":{\"@id\":\"https:\/\/pawelgrzeskowiak.pl\/#website\"},\"datePublished\":\"2012-08-22T16:58:28+00:00\",\"dateModified\":\"2025-03-02T17:37:03+00:00\",\"description\":\"Planowane oraz zrealizowane wyst\u0105pienia w obszarze programowania oraz system\u00f3w ERP. Wszystkie prezentacje s\u0105 bezp\u0142atne i organizowane na Wroc\u0142awskich uczelniach.\",\"breadcrumb\":{\"@id\":\"https:\/\/pawelgrzeskowiak.pl\/en\/conferences\/#breadcrumb\"},\"inLanguage\":\"en-US\",\"potentialAction\":[{\"@type\":\"ReadAction\",\"target\":[\"https:\/\/pawelgrzeskowiak.pl\/en\/conferences\/\"]}]},{\"@type\":\"BreadcrumbList\",\"@id\":\"https:\/\/pawelgrzeskowiak.pl\/en\/conferences\/#breadcrumb\",\"itemListElement\":[{\"@type\":\"ListItem\",\"position\":1,\"name\":\"Home\",\"item\":\"https:\/\/pawelgrzeskowiak.pl\/\"},{\"@type\":\"ListItem\",\"position\":2,\"name\":\"Publikacje\"}]},{\"@type\":\"WebSite\",\"@id\":\"https:\/\/pawelgrzeskowiak.pl\/en\/#website\",\"url\":\"https:\/\/pawelgrzeskowiak.pl\/en\/\",\"name\":\"\",\"description\":\"Enterprise Architecture | Interim Management | Innovation Strategy | Autonomous Organizations | IT &amp; SAP\",\"potentialAction\":[{\"@type\":\"SearchAction\",\"target\":{\"@type\":\"EntryPoint\",\"urlTemplate\":\"https:\/\/pawelgrzeskowiak.pl\/en\/?s={search_term_string}\"},\"query-input\":{\"@type\":\"PropertyValueSpecification\",\"valueRequired\":true,\"valueName\":\"search_term_string\"}}],\"inLanguage\":\"en-US\"}]}<\/script>\n<!-- \/ Yoast SEO plugin. -->","yoast_head_json":{"title":"Programista ABAP - ERP i Programowanie - Wyst\u0105pienia Pawe\u0142 Grze\u015bkowiak","description":"Planowane oraz zrealizowane wyst\u0105pienia w obszarze programowania oraz system\u00f3w ERP. Wszystkie prezentacje s\u0105 bezp\u0142atne i organizowane na Wroc\u0142awskich uczelniach.","robots":{"index":"index","follow":"follow","max-snippet":"max-snippet:-1","max-image-preview":"max-image-preview:large","max-video-preview":"max-video-preview:-1"},"canonical":"https:\/\/pawelgrzeskowiak.pl\/en\/conferences\/","og_locale":"en_US","og_type":"article","og_title":"Programista ABAP - ERP i Programowanie - Wyst\u0105pienia Pawe\u0142 Grze\u015bkowiak","og_description":"Planowane oraz zrealizowane wyst\u0105pienia w obszarze programowania oraz system\u00f3w ERP. Wszystkie prezentacje s\u0105 bezp\u0142atne i organizowane na Wroc\u0142awskich uczelniach.","og_url":"https:\/\/pawelgrzeskowiak.pl\/en\/conferences\/","article_modified_time":"2025-03-02T17:37:03+00:00","twitter_misc":{"Est. reading time":"1 minute"},"schema":{"@context":"https:\/\/schema.org","@graph":[{"@type":"WebPage","@id":"https:\/\/pawelgrzeskowiak.pl\/en\/en\/conferences\/","url":"https:\/\/pawelgrzeskowiak.pl\/en\/en\/conferences\/","name":"Programista ABAP - ERP i Programowanie - Wyst\u0105pienia Pawe\u0142 Grze\u015bkowiak","isPartOf":{"@id":"https:\/\/pawelgrzeskowiak.pl\/#website"},"datePublished":"2012-08-22T16:58:28+00:00","dateModified":"2025-03-02T17:37:03+00:00","description":"Planowane oraz zrealizowane wyst\u0105pienia w obszarze programowania oraz system\u00f3w ERP. Wszystkie prezentacje s\u0105 bezp\u0142atne i organizowane na Wroc\u0142awskich uczelniach.","breadcrumb":{"@id":"https:\/\/pawelgrzeskowiak.pl\/en\/conferences\/#breadcrumb"},"inLanguage":"en-US","potentialAction":[{"@type":"ReadAction","target":["https:\/\/pawelgrzeskowiak.pl\/en\/conferences\/"]}]},{"@type":"BreadcrumbList","@id":"https:\/\/pawelgrzeskowiak.pl\/en\/conferences\/#breadcrumb","itemListElement":[{"@type":"ListItem","position":1,"name":"Home","item":"https:\/\/pawelgrzeskowiak.pl\/"},{"@type":"ListItem","position":2,"name":"Publikacje"}]},{"@type":"WebSite","@id":"https:\/\/pawelgrzeskowiak.pl\/en\/#website","url":"https:\/\/pawelgrzeskowiak.pl\/en\/","name":"","description":"Enterprise Architecture | Interim Management | Innovation Strategy | Autonomous Organizations | IT &amp; SAP","potentialAction":[{"@type":"SearchAction","target":{"@type":"EntryPoint","urlTemplate":"https:\/\/pawelgrzeskowiak.pl\/en\/?s={search_term_string}"},"query-input":{"@type":"PropertyValueSpecification","valueRequired":true,"valueName":"search_term_string"}}],"inLanguage":"en-US"}]}},"_links":{"self":[{"href":"https:\/\/pawelgrzeskowiak.pl\/en\/wp-json\/wp\/v2\/pages\/13","targetHints":{"allow":["GET"]}}],"collection":[{"href":"https:\/\/pawelgrzeskowiak.pl\/en\/wp-json\/wp\/v2\/pages"}],"about":[{"href":"https:\/\/pawelgrzeskowiak.pl\/en\/wp-json\/wp\/v2\/types\/page"}],"author":[{"embeddable":true,"href":"https:\/\/pawelgrzeskowiak.pl\/en\/wp-json\/wp\/v2\/users\/1"}],"replies":[{"embeddable":true,"href":"https:\/\/pawelgrzeskowiak.pl\/en\/wp-json\/wp\/v2\/comments?post=13"}],"version-history":[{"count":15,"href":"https:\/\/pawelgrzeskowiak.pl\/en\/wp-json\/wp\/v2\/pages\/13\/revisions"}],"predecessor-version":[{"id":357,"href":"https:\/\/pawelgrzeskowiak.pl\/en\/wp-json\/wp\/v2\/pages\/13\/revisions\/357"}],"wp:attachment":[{"href":"https:\/\/pawelgrzeskowiak.pl\/en\/wp-json\/wp\/v2\/media?parent=13"}],"curies":[{"name":"wp","href":"https:\/\/api.w.org\/{rel}","templated":true}]}}